{"id":1520,"date":"2025-06-06T16:56:03","date_gmt":"2025-06-06T19:56:03","guid":{"rendered":"https:\/\/giusepperestaurante.com.br\/?page_id=1520"},"modified":"2026-01-27T18:53:57","modified_gmt":"2026-01-27T21:53:57","slug":"blog","status":"publish","type":"page","link":"https:\/\/giusepperestaurante.com.br\/?page_id=1520","title":{"rendered":"Blog"},"content":{"rendered":"\t\t<div data-elementor-type=\"wp-page\" data-elementor-id=\"1520\" class=\"elementor elementor-1520\" data-elementor-post-type=\"page\">\n\t\t\t\t\t\t<section data-particle_enable=\"false\" data-particle-mobile-disabled=\"false\" class=\"elementor-section elementor-top-section elementor-element elementor-element-57b4c0fd elementor-section-height-min-height elementor-section-boxed elementor-section-height-default elementor-section-items-middle\" data-id=\"57b4c0fd\" data-element_type=\"section\" data-e-type=\"section\" data-settings=\"{&quot;background_background&quot;:&quot;slideshow&quot;,&quot;background_slideshow_gallery&quot;:[{&quot;id&quot;:1669,&quot;url&quot;:&quot;https:\\\/\\\/giusepperestaurante.com.br\\\/wp-content\\\/uploads\\\/2025\\\/08\\\/IMG_4327-Aprimorado-NR-scaled.jpg&quot;}],&quot;background_slideshow_loop&quot;:&quot;yes&quot;,&quot;background_slideshow_slide_duration&quot;:5000,&quot;background_slideshow_slide_transition&quot;:&quot;fade&quot;,&quot;background_slideshow_transition_duration&quot;:500}\">\n\t\t\t\t\t\t\t<div class=\"elementor-background-overlay\"><\/div>\n\t\t\t\t\t\t\t<div class=\"elementor-container elementor-column-gap-default\">\n\t\t\t\t\t<div class=\"elementor-column elementor-col-100 elementor-top-column elementor-element elementor-element-61175b6f\" data-id=\"61175b6f\" data-element_type=\"column\" data-e-type=\"column\">\n\t\t\t<div class=\"elementor-widget-wrap elementor-element-populated\">\n\t\t\t\t\t\t<div class=\"elementor-element elementor-element-53a31d79 elementor-invisible elementor-widget elementor-widget-heading\" data-id=\"53a31d79\" data-element_type=\"widget\" data-e-type=\"widget\" data-settings=\"{&quot;_animation&quot;:&quot;fadeInUp&quot;}\" data-widget_type=\"heading.default\">\n\t\t\t\t<div class=\"elementor-widget-container\">\n\t\t\t\t\t<h2 class=\"elementor-heading-title elementor-size-default\">Blog do Giuseppe <\/h2>\t\t\t\t<\/div>\n\t\t\t\t<\/div>\n\t\t\t\t\t<\/div>\n\t\t<\/div>\n\t\t\t\t\t<\/div>\n\t\t<\/section>\n\t\t\t\t<section data-particle_enable=\"false\" data-particle-mobile-disabled=\"false\" class=\"elementor-section elementor-top-section elementor-element elementor-element-2764890a elementor-section-boxed elementor-section-height-default elementor-section-height-default\" data-id=\"2764890a\" data-element_type=\"section\" data-e-type=\"section\" data-settings=\"{&quot;background_background&quot;:&quot;classic&quot;}\">\n\t\t\t\t\t\t<div class=\"elementor-container elementor-column-gap-no\">\n\t\t\t\t\t<div class=\"elementor-column elementor-col-100 elementor-top-column elementor-element elementor-element-1f3bc821\" data-id=\"1f3bc821\" data-element_type=\"column\" data-e-type=\"column\">\n\t\t\t<div class=\"elementor-widget-wrap elementor-element-populated\">\n\t\t\t\t\t\t<section data-particle_enable=\"false\" data-particle-mobile-disabled=\"false\" class=\"elementor-section elementor-inner-section elementor-element elementor-element-5bcc63cb elementor-reverse-mobile elementor-section-full_width elementor-section-height-default elementor-section-height-default\" data-id=\"5bcc63cb\" data-element_type=\"section\" data-e-type=\"section\" data-settings=\"{&quot;background_background&quot;:&quot;classic&quot;}\">\n\t\t\t\t\t\t<div class=\"elementor-container elementor-column-gap-default\">\n\t\t\t\t\t<div class=\"elementor-column elementor-col-50 elementor-inner-column elementor-element elementor-element-59d7ed3c\" data-id=\"59d7ed3c\" data-element_type=\"column\" data-e-type=\"column\">\n\t\t\t<div class=\"elementor-widget-wrap elementor-element-populated\">\n\t\t\t\t\t\t<div class=\"elementor-element elementor-element-543bb25f elementor-invisible elementor-widget elementor-widget-heading\" data-id=\"543bb25f\" data-element_type=\"widget\" data-e-type=\"widget\" data-settings=\"{&quot;_animation&quot;:&quot;fadeInLeft&quot;}\" data-widget_type=\"heading.default\">\n\t\t\t\t<div class=\"elementor-widget-container\">\n\t\t\t\t\t<h2 class=\"elementor-heading-title elementor-size-default\">Novas publica\u00e7\u00f5es<\/h2>\t\t\t\t<\/div>\n\t\t\t\t<\/div>\n\t\t\t\t<div class=\"elementor-element elementor-element-f436a88 elementor-grid-1 elementor-grid-tablet-1 elementor-grid-mobile-1 elementor-posts--thumbnail-top elementor-card-shadow-yes elementor-posts__hover-gradient load-more-align-center elementor-widget elementor-widget-posts\" data-id=\"f436a88\" data-element_type=\"widget\" data-e-type=\"widget\" data-settings=\"{&quot;cards_columns&quot;:&quot;1&quot;,&quot;cards_columns_tablet&quot;:&quot;1&quot;,&quot;cards_row_gap&quot;:{&quot;unit&quot;:&quot;px&quot;,&quot;size&quot;:30,&quot;sizes&quot;:[]},&quot;pagination_type&quot;:&quot;load_more_on_click&quot;,&quot;cards_columns_mobile&quot;:&quot;1&quot;,&quot;cards_row_gap_tablet&quot;:{&quot;unit&quot;:&quot;px&quot;,&quot;size&quot;:&quot;&quot;,&quot;sizes&quot;:[]},&quot;cards_row_gap_mobile&quot;:{&quot;unit&quot;:&quot;px&quot;,&quot;size&quot;:&quot;&quot;,&quot;sizes&quot;:[]},&quot;load_more_spinner&quot;:{&quot;value&quot;:&quot;fas fa-spinner&quot;,&quot;library&quot;:&quot;fa-solid&quot;}}\" data-widget_type=\"posts.cards\">\n\t\t\t\t<div class=\"elementor-widget-container\">\n\t\t\t\t\t\t\t<div class=\"elementor-posts-container elementor-posts elementor-posts--skin-cards elementor-grid\" role=\"list\">\n\t\t\t\t<article class=\"elementor-post elementor-grid-item post-1909 post type-post status-publish format-standard has-post-thumbnail hentry category-curiosidades tag-dia-do-trabalhador tag-economia tag-experiencia-gastronomica tag-gastronomia tag-giuseppe-restaurante tag-hospitalidade tag-restaurante-em-joinville\" role=\"listitem\">\n\t\t\t<div class=\"elementor-post__card\">\n\t\t\t\t<a class=\"elementor-post__thumbnail__link\" href=\"https:\/\/giusepperestaurante.com.br\/?p=1909\" tabindex=\"-1\" ><div class=\"elementor-post__thumbnail\"><img fetchpriority=\"high\" decoding=\"async\" width=\"800\" height=\"526\" src=\"https:\/\/giusepperestaurante.com.br\/wp-content\/uploads\/2026\/05\/chef-working-together-professional-kitchen-1024x673.jpg\" class=\"attachment-large size-large wp-image-1910\" alt=\"\" srcset=\"https:\/\/giusepperestaurante.com.br\/wp-content\/uploads\/2026\/05\/chef-working-together-professional-kitchen-1024x673.jpg 1024w, https:\/\/giusepperestaurante.com.br\/wp-content\/uploads\/2026\/05\/chef-working-together-professional-kitchen-300x197.jpg 300w, https:\/\/giusepperestaurante.com.br\/wp-content\/uploads\/2026\/05\/chef-working-together-professional-kitchen-768x504.jpg 768w, https:\/\/giusepperestaurante.com.br\/wp-content\/uploads\/2026\/05\/chef-working-together-professional-kitchen-1536x1009.jpg 1536w, https:\/\/giusepperestaurante.com.br\/wp-content\/uploads\/2026\/05\/chef-working-together-professional-kitchen-2048x1345.jpg 2048w\" sizes=\"(max-width: 800px) 100vw, 800px\" \/><\/div><\/a>\n\t\t\t\t<div class=\"elementor-post__badge\">Curiosidades<\/div>\n\t\t\t\t<div class=\"elementor-post__text\">\n\t\t\t\t<h3 class=\"elementor-post__title\">\n\t\t\t<a href=\"https:\/\/giusepperestaurante.com.br\/?p=1909\" >\n\t\t\t\tO papel fundamental das pessoas na constru\u00e7\u00e3o da excel\u00eancia e do acolhimento no setor de hospitalidade\t\t\t<\/a>\n\t\t<\/h3>\n\t\t\t\t<div class=\"elementor-post__excerpt\">\n\t\t\t<p>No Dia do Trabalhador, analisamos o papel fundamental da gastronomia e do turismo na economia global e a import\u00e2ncia da valoriza\u00e7\u00e3o profissional no setor.<\/p>\n\t\t<\/div>\n\t\t\n\t\t<a class=\"elementor-post__read-more\" href=\"https:\/\/giusepperestaurante.com.br\/?p=1909\" aria-label=\"Leia mais sobre O papel fundamental das pessoas na constru\u00e7\u00e3o da excel\u00eancia e do acolhimento no setor de hospitalidade\" tabindex=\"-1\" >\n\t\t\tLeia mais\t\t<\/a>\n\n\t\t\t\t<\/div>\n\t\t\t\t<div class=\"elementor-post__meta-data\">\n\t\t\t\t\t<span class=\"elementor-post-date\">\n\t\t\t1 de maio de 2026\t\t<\/span>\n\t\t\t\t<span class=\"elementor-post-avatar\">\n\t\t\tNenhum coment\u00e1rio\t\t<\/span>\n\t\t\t\t<\/div>\n\t\t\t\t\t<\/div>\n\t\t<\/article>\n\t\t\t\t<article class=\"elementor-post elementor-grid-item post-1906 post type-post status-publish format-standard has-post-thumbnail hentry category-experiencias tag-confort-food tag-experiencia-gastronomica tag-gastronomia tag-gastronomia-afetiva tag-gastronomia-de-estacao tag-giuseppe-restaurante tag-outono tag-restaurante-em-joinville tag-vinho-tinto\" role=\"listitem\">\n\t\t\t<div class=\"elementor-post__card\">\n\t\t\t\t<a class=\"elementor-post__thumbnail__link\" href=\"https:\/\/giusepperestaurante.com.br\/?p=1906\" tabindex=\"-1\" ><div class=\"elementor-post__thumbnail\"><img decoding=\"async\" width=\"800\" height=\"450\" src=\"https:\/\/giusepperestaurante.com.br\/wp-content\/uploads\/2026\/04\/outono.png\" class=\"attachment-large size-large wp-image-1907\" alt=\"\" srcset=\"https:\/\/giusepperestaurante.com.br\/wp-content\/uploads\/2026\/04\/outono.png 1024w, https:\/\/giusepperestaurante.com.br\/wp-content\/uploads\/2026\/04\/outono-300x169.png 300w, https:\/\/giusepperestaurante.com.br\/wp-content\/uploads\/2026\/04\/outono-768x432.png 768w\" sizes=\"(max-width: 800px) 100vw, 800px\" \/><\/div><\/a>\n\t\t\t\t<div class=\"elementor-post__badge\">Experi\u00eancias<\/div>\n\t\t\t\t<div class=\"elementor-post__text\">\n\t\t\t\t<h3 class=\"elementor-post__title\">\n\t\t\t<a href=\"https:\/\/giusepperestaurante.com.br\/?p=1906\" >\n\t\t\t\tO outono e a gastronomia: a transi\u00e7\u00e3o para sabores mais densos e terrosos\t\t\t<\/a>\n\t\t<\/h3>\n\t\t\t\t<div class=\"elementor-post__excerpt\">\n\t\t\t<p>Descubra como a transi\u00e7\u00e3o para o outono influencia as t\u00e9cnicas gastron\u00f4micas e as escolhas de paladar. Veja como o Giuseppe adapta seu menu para oferecer conforto e sofistica\u00e7\u00e3o em Joinville.<\/p>\n\t\t<\/div>\n\t\t\n\t\t<a class=\"elementor-post__read-more\" href=\"https:\/\/giusepperestaurante.com.br\/?p=1906\" aria-label=\"Leia mais sobre O outono e a gastronomia: a transi\u00e7\u00e3o para sabores mais densos e terrosos\" tabindex=\"-1\" >\n\t\t\tLeia mais\t\t<\/a>\n\n\t\t\t\t<\/div>\n\t\t\t\t<div class=\"elementor-post__meta-data\">\n\t\t\t\t\t<span class=\"elementor-post-date\">\n\t\t\t28 de abril de 2026\t\t<\/span>\n\t\t\t\t<span class=\"elementor-post-avatar\">\n\t\t\tNenhum coment\u00e1rio\t\t<\/span>\n\t\t\t\t<\/div>\n\t\t\t\t\t<\/div>\n\t\t<\/article>\n\t\t\t\t<article class=\"elementor-post elementor-grid-item post-1900 post type-post status-publish format-standard has-post-thumbnail hentry category-experiencias tag-atendimento-profissional tag-experiencia-gastronomica tag-gastronomia tag-gestao-de-salao tag-giuseppe-restaurante tag-hospitalidade tag-restaurante-em-joinville\" role=\"listitem\">\n\t\t\t<div class=\"elementor-post__card\">\n\t\t\t\t<a class=\"elementor-post__thumbnail__link\" href=\"https:\/\/giusepperestaurante.com.br\/?p=1900\" tabindex=\"-1\" ><div class=\"elementor-post__thumbnail\"><img decoding=\"async\" width=\"800\" height=\"534\" src=\"https:\/\/giusepperestaurante.com.br\/wp-content\/uploads\/2026\/04\/IMG_7104-1024x683.jpg\" class=\"attachment-large size-large wp-image-1901\" alt=\"\" srcset=\"https:\/\/giusepperestaurante.com.br\/wp-content\/uploads\/2026\/04\/IMG_7104-1024x683.jpg 1024w, https:\/\/giusepperestaurante.com.br\/wp-content\/uploads\/2026\/04\/IMG_7104-300x200.jpg 300w, https:\/\/giusepperestaurante.com.br\/wp-content\/uploads\/2026\/04\/IMG_7104-768x512.jpg 768w, https:\/\/giusepperestaurante.com.br\/wp-content\/uploads\/2026\/04\/IMG_7104-1536x1024.jpg 1536w, https:\/\/giusepperestaurante.com.br\/wp-content\/uploads\/2026\/04\/IMG_7104-2048x1365.jpg 2048w\" sizes=\"(max-width: 800px) 100vw, 800px\" \/><\/div><\/a>\n\t\t\t\t<div class=\"elementor-post__badge\">Experi\u00eancias<\/div>\n\t\t\t\t<div class=\"elementor-post__text\">\n\t\t\t\t<h3 class=\"elementor-post__title\">\n\t\t\t<a href=\"https:\/\/giusepperestaurante.com.br\/?p=1900\" >\n\t\t\t\tA ci\u00eancia do servi\u00e7o: por que a hospitalidade \u00e9 o novo diferencial\t\t\t<\/a>\n\t\t<\/h3>\n\t\t\t\t<div class=\"elementor-post__excerpt\">\n\t\t\t<p>Entenda a import\u00e2ncia da hospitalidade t\u00e9cnica e da gest\u00e3o de sal\u00e3o na gastronomia. Descubra como o Giuseppe transforma o atendimento em uma experi\u00eancia de valor e confian\u00e7a.<\/p>\n\t\t<\/div>\n\t\t\n\t\t<a class=\"elementor-post__read-more\" href=\"https:\/\/giusepperestaurante.com.br\/?p=1900\" aria-label=\"Leia mais sobre A ci\u00eancia do servi\u00e7o: por que a hospitalidade \u00e9 o novo diferencial\" tabindex=\"-1\" >\n\t\t\tLeia mais\t\t<\/a>\n\n\t\t\t\t<\/div>\n\t\t\t\t<div class=\"elementor-post__meta-data\">\n\t\t\t\t\t<span class=\"elementor-post-date\">\n\t\t\t17 de abril de 2026\t\t<\/span>\n\t\t\t\t<span class=\"elementor-post-avatar\">\n\t\t\tNenhum coment\u00e1rio\t\t<\/span>\n\t\t\t\t<\/div>\n\t\t\t\t\t<\/div>\n\t\t<\/article>\n\t\t\t\t<article class=\"elementor-post elementor-grid-item post-1895 post type-post status-publish format-standard has-post-thumbnail hentry category-curiosidades tag-chocolate tag-experiencia-gastronomica tag-gastronomia-afetiva tag-giuseppe-restaurante tag-historia-do-alimento tag-pascoa tag-restaurante-em-joinville tag-sobremesas\" role=\"listitem\">\n\t\t\t<div class=\"elementor-post__card\">\n\t\t\t\t<a class=\"elementor-post__thumbnail__link\" href=\"https:\/\/giusepperestaurante.com.br\/?p=1895\" tabindex=\"-1\" ><div class=\"elementor-post__thumbnail\"><img loading=\"lazy\" decoding=\"async\" width=\"800\" height=\"534\" src=\"https:\/\/giusepperestaurante.com.br\/wp-content\/uploads\/2026\/04\/close-up-cocoa-beans-1024x683.jpg\" class=\"attachment-large size-large wp-image-1896\" alt=\"\" srcset=\"https:\/\/giusepperestaurante.com.br\/wp-content\/uploads\/2026\/04\/close-up-cocoa-beans-1024x683.jpg 1024w, https:\/\/giusepperestaurante.com.br\/wp-content\/uploads\/2026\/04\/close-up-cocoa-beans-300x200.jpg 300w, https:\/\/giusepperestaurante.com.br\/wp-content\/uploads\/2026\/04\/close-up-cocoa-beans-768x512.jpg 768w, https:\/\/giusepperestaurante.com.br\/wp-content\/uploads\/2026\/04\/close-up-cocoa-beans-1536x1024.jpg 1536w, https:\/\/giusepperestaurante.com.br\/wp-content\/uploads\/2026\/04\/close-up-cocoa-beans-2048x1365.jpg 2048w\" sizes=\"(max-width: 800px) 100vw, 800px\" \/><\/div><\/a>\n\t\t\t\t<div class=\"elementor-post__badge\">Curiosidades<\/div>\n\t\t\t\t<div class=\"elementor-post__text\">\n\t\t\t\t<h3 class=\"elementor-post__title\">\n\t\t\t<a href=\"https:\/\/giusepperestaurante.com.br\/?p=1895\" >\n\t\t\t\tDa moeda asteca \u00e0 economia global da P\u00e1scoa\t\t\t<\/a>\n\t\t<\/h3>\n\t\t\t\t<div class=\"elementor-post__excerpt\">\n\t\t\t<p>Conhe\u00e7a a evolu\u00e7\u00e3o hist\u00f3rica do chocolate, desde seu uso como moeda asteca at\u00e9 a cria\u00e7\u00e3o dos ovos de P\u00e1scoa e seu impacto na economia e no paladar. <\/p>\n\t\t<\/div>\n\t\t\n\t\t<a class=\"elementor-post__read-more\" href=\"https:\/\/giusepperestaurante.com.br\/?p=1895\" aria-label=\"Leia mais sobre Da moeda asteca \u00e0 economia global da P\u00e1scoa\" tabindex=\"-1\" >\n\t\t\tLeia mais\t\t<\/a>\n\n\t\t\t\t<\/div>\n\t\t\t\t<div class=\"elementor-post__meta-data\">\n\t\t\t\t\t<span class=\"elementor-post-date\">\n\t\t\t11 de abril de 2026\t\t<\/span>\n\t\t\t\t<span class=\"elementor-post-avatar\">\n\t\t\tNenhum coment\u00e1rio\t\t<\/span>\n\t\t\t\t<\/div>\n\t\t\t\t\t<\/div>\n\t\t<\/article>\n\t\t\t\t<article class=\"elementor-post elementor-grid-item post-1892 post type-post status-publish format-standard has-post-thumbnail hentry category-experiencias tag-experiencia-gastronomica tag-frutos-do-mar tag-gastronomia tag-gastronomia-afetiva tag-giuseppe-restaurante tag-peixes-2 tag-restaurante-em-joinville tag-semana-santa tag-sexta-feira-santa tag-tradicao\" role=\"listitem\">\n\t\t\t<div class=\"elementor-post__card\">\n\t\t\t\t<a class=\"elementor-post__thumbnail__link\" href=\"https:\/\/giusepperestaurante.com.br\/?p=1892\" tabindex=\"-1\" ><div class=\"elementor-post__thumbnail\"><img loading=\"lazy\" decoding=\"async\" width=\"800\" height=\"450\" src=\"https:\/\/giusepperestaurante.com.br\/wp-content\/uploads\/2026\/04\/mediterraneo.png\" class=\"attachment-large size-large wp-image-1893\" alt=\"\" srcset=\"https:\/\/giusepperestaurante.com.br\/wp-content\/uploads\/2026\/04\/mediterraneo.png 1024w, https:\/\/giusepperestaurante.com.br\/wp-content\/uploads\/2026\/04\/mediterraneo-300x169.png 300w, https:\/\/giusepperestaurante.com.br\/wp-content\/uploads\/2026\/04\/mediterraneo-768x432.png 768w\" sizes=\"(max-width: 800px) 100vw, 800px\" \/><\/div><\/a>\n\t\t\t\t<div class=\"elementor-post__badge\">Experi\u00eancias<\/div>\n\t\t\t\t<div class=\"elementor-post__text\">\n\t\t\t\t<h3 class=\"elementor-post__title\">\n\t\t\t<a href=\"https:\/\/giusepperestaurante.com.br\/?p=1892\" >\n\t\t\t\tHeran\u00e7a e simbolismo: por que consumimos peixe na Semana Santa?\t\t\t<\/a>\n\t\t<\/h3>\n\t\t\t\t<div class=\"elementor-post__excerpt\">\n\t\t\t<p>Entenda a origem hist\u00f3rica e econ\u00f4mica do consumo de peixe na Sexta-feira Santa e como a alta gastronomia ressignifica essa tradi\u00e7\u00e3o com t\u00e9cnica e frescor. <\/p>\n\t\t<\/div>\n\t\t\n\t\t<a class=\"elementor-post__read-more\" href=\"https:\/\/giusepperestaurante.com.br\/?p=1892\" aria-label=\"Leia mais sobre Heran\u00e7a e simbolismo: por que consumimos peixe na Semana Santa?\" tabindex=\"-1\" >\n\t\t\tLeia mais\t\t<\/a>\n\n\t\t\t\t<\/div>\n\t\t\t\t<div class=\"elementor-post__meta-data\">\n\t\t\t\t\t<span class=\"elementor-post-date\">\n\t\t\t4 de abril de 2026\t\t<\/span>\n\t\t\t\t<span class=\"elementor-post-avatar\">\n\t\t\tNenhum coment\u00e1rio\t\t<\/span>\n\t\t\t\t<\/div>\n\t\t\t\t\t<\/div>\n\t\t<\/article>\n\t\t\t\t<article class=\"elementor-post elementor-grid-item post-1889 post type-post status-publish format-standard has-post-thumbnail hentry category-curiosidades tag-cortes-nobres tag-experiencia-gastronomica tag-gastronomia tag-giuseppe-restaurante tag-tecnica tag-terroir tag-vinhos-nobres\" role=\"listitem\">\n\t\t\t<div class=\"elementor-post__card\">\n\t\t\t\t<a class=\"elementor-post__thumbnail__link\" href=\"https:\/\/giusepperestaurante.com.br\/?p=1889\" tabindex=\"-1\" ><div class=\"elementor-post__thumbnail\"><img loading=\"lazy\" decoding=\"async\" width=\"800\" height=\"450\" src=\"https:\/\/giusepperestaurante.com.br\/wp-content\/uploads\/2026\/03\/blog.png\" class=\"attachment-large size-large wp-image-1890\" alt=\"\" srcset=\"https:\/\/giusepperestaurante.com.br\/wp-content\/uploads\/2026\/03\/blog.png 1024w, https:\/\/giusepperestaurante.com.br\/wp-content\/uploads\/2026\/03\/blog-300x169.png 300w, https:\/\/giusepperestaurante.com.br\/wp-content\/uploads\/2026\/03\/blog-768x432.png 768w\" sizes=\"(max-width: 800px) 100vw, 800px\" \/><\/div><\/a>\n\t\t\t\t<div class=\"elementor-post__badge\">Curiosidades<\/div>\n\t\t\t\t<div class=\"elementor-post__text\">\n\t\t\t\t<h3 class=\"elementor-post__title\">\n\t\t\t<a href=\"https:\/\/giusepperestaurante.com.br\/?p=1889\" >\n\t\t\t\tTerroir e Tradi\u00e7\u00e3o: a influ\u00eancia do solo e do clima no seu paladar\t\t\t<\/a>\n\t\t<\/h3>\n\t\t\t\t<div class=\"elementor-post__excerpt\">\n\t\t\t<p>Saiba como o terroir \u2014 a uni\u00e3o entre solo, clima e t\u00e9cnica humana \u2014 influencia o sabor dos vinhos e das carnes nobres servidos no Giuseppe.<\/p>\n\t\t<\/div>\n\t\t\n\t\t<a class=\"elementor-post__read-more\" href=\"https:\/\/giusepperestaurante.com.br\/?p=1889\" aria-label=\"Leia mais sobre Terroir e Tradi\u00e7\u00e3o: a influ\u00eancia do solo e do clima no seu paladar\" tabindex=\"-1\" >\n\t\t\tLeia mais\t\t<\/a>\n\n\t\t\t\t<\/div>\n\t\t\t\t<div class=\"elementor-post__meta-data\">\n\t\t\t\t\t<span class=\"elementor-post-date\">\n\t\t\t27 de mar\u00e7o de 2026\t\t<\/span>\n\t\t\t\t<span class=\"elementor-post-avatar\">\n\t\t\tNenhum coment\u00e1rio\t\t<\/span>\n\t\t\t\t<\/div>\n\t\t\t\t\t<\/div>\n\t\t<\/article>\n\t\t\t\t<\/div>\n\t\t\t\t\t<span class=\"e-load-more-spinner\">\n\t\t\t\t<svg aria-hidden=\"true\" class=\"e-font-icon-svg e-fas-spinner\" viewBox=\"0 0 512 512\" xmlns=\"http:\/\/www.w3.org\/2000\/svg\"><path d=\"M304 48c0 26.51-21.49 48-48 48s-48-21.49-48-48 21.49-48 48-48 48 21.49 48 48zm-48 368c-26.51 0-48 21.49-48 48s21.49 48 48 48 48-21.49 48-48-21.49-48-48-48zm208-208c-26.51 0-48 21.49-48 48s21.49 48 48 48 48-21.49 48-48-21.49-48-48-48zM96 256c0-26.51-21.49-48-48-48S0 229.49 0 256s21.49 48 48 48 48-21.49 48-48zm12.922 99.078c-26.51 0-48 21.49-48 48s21.49 48 48 48 48-21.49 48-48c0-26.509-21.491-48-48-48zm294.156 0c-26.51 0-48 21.49-48 48s21.49 48 48 48 48-21.49 48-48c0-26.509-21.49-48-48-48zM108.922 60.922c-26.51 0-48 21.49-48 48s21.49 48 48 48 48-21.49 48-48-21.491-48-48-48z\"><\/path><\/svg>\t\t\t<\/span>\n\t\t\n\t\t\t\t<div class=\"e-load-more-anchor\" data-page=\"1\" data-max-page=\"8\" data-next-page=\"https:\/\/giusepperestaurante.com.br\/index.php?rest_route=%2Fwp%2Fv2%2Fpages%2F1520&#038;paged=2\"><\/div>\n\t\t\t\t<div class=\"elementor-button-wrapper\">\n\t\t\t<a class=\"elementor-button elementor-size-sm\" role=\"button\">\n\t\t\t\t\t\t<span class=\"elementor-button-content-wrapper\">\n\t\t\t\t\t\t\t\t\t<span class=\"elementor-button-text\">Carregar mais<\/span>\n\t\t\t\t\t<\/span>\n\t\t\t\t\t<\/a>\n\t\t<\/div>\n\t\t\t\t<div class=\"e-load-more-message\"><\/div>\n\t\t\t\t\t\t<\/div>\n\t\t\t\t<\/div>\n\t\t\t\t\t<\/div>\n\t\t<\/div>\n\t\t\t\t<div class=\"elementor-column elementor-col-50 elementor-inner-column elementor-element elementor-element-19741ff5\" data-id=\"19741ff5\" data-element_type=\"column\" data-e-type=\"column\">\n\t\t\t<div class=\"elementor-widget-wrap elementor-element-populated\">\n\t\t\t\t\t\t<div class=\"elementor-element elementor-element-ee79f19 elementor-search-form--skin-classic elementor-search-form--button-type-icon elementor-search-form--icon-search elementor-widget elementor-widget-search-form\" data-id=\"ee79f19\" data-element_type=\"widget\" data-e-type=\"widget\" data-settings=\"{&quot;skin&quot;:&quot;classic&quot;}\" data-widget_type=\"search-form.default\">\n\t\t\t\t<div class=\"elementor-widget-container\">\n\t\t\t\t\t\t\t<search role=\"search\">\n\t\t\t<form class=\"elementor-search-form\" action=\"https:\/\/giusepperestaurante.com.br\" method=\"get\">\n\t\t\t\t\t\t\t\t\t\t\t\t<div class=\"elementor-search-form__container\">\n\t\t\t\t\t<label class=\"elementor-screen-only\" for=\"elementor-search-form-ee79f19\">Pesquisar<\/label>\n\n\t\t\t\t\t\n\t\t\t\t\t<input id=\"elementor-search-form-ee79f19\" placeholder=\"Pesquisar \" class=\"elementor-search-form__input\" type=\"search\" name=\"s\" value=\"\">\n\t\t\t\t\t\n\t\t\t\t\t\t\t\t\t\t\t<button class=\"elementor-search-form__submit\" type=\"submit\" aria-label=\"Pesquisar\">\n\t\t\t\t\t\t\t\t\t\t\t\t\t\t\t<div class=\"e-font-icon-svg-container\"><svg class=\"fa fa-search e-font-icon-svg e-fas-search\" viewBox=\"0 0 512 512\" xmlns=\"http:\/\/www.w3.org\/2000\/svg\"><path d=\"M505 442.7L405.3 343c-4.5-4.5-10.6-7-17-7H372c27.6-35.3 44-79.7 44-128C416 93.1 322.9 0 208 0S0 93.1 0 208s93.1 208 208 208c48.3 0 92.7-16.4 128-44v16.3c0 6.4 2.5 12.5 7 17l99.7 99.7c9.4 9.4 24.6 9.4 33.9 0l28.3-28.3c9.4-9.4 9.4-24.6.1-34zM208 336c-70.7 0-128-57.2-128-128 0-70.7 57.2-128 128-128 70.7 0 128 57.2 128 128 0 70.7-57.2 128-128 128z\"><\/path><\/svg><\/div>\t\t\t\t\t\t\t\t\t\t\t\t\t<\/button>\n\t\t\t\t\t\n\t\t\t\t\t\t\t\t\t<\/div>\n\t\t\t<\/form>\n\t\t<\/search>\n\t\t\t\t\t\t<\/div>\n\t\t\t\t<\/div>\n\t\t\t\t\t<\/div>\n\t\t<\/div>\n\t\t\t\t\t<\/div>\n\t\t<\/section>\n\t\t\t\t\t<\/div>\n\t\t<\/div>\n\t\t\t\t\t<\/div>\n\t\t<\/section>\n\t\t\t\t<\/div>\n\t\t","protected":false},"excerpt":{"rendered":"<p>Blog do Giuseppe Novas publica\u00e7\u00f5es<\/p>\n","protected":false},"author":2,"featured_media":0,"parent":0,"menu_order":0,"comment_status":"closed","ping_status":"closed","template":"elementor_header_footer","meta":{"_joinchat":[],"footnotes":""},"class_list":["post-1520","page","type-page","status-publish","hentry"],"_links":{"self":[{"href":"https:\/\/giusepperestaurante.com.br\/index.php?rest_route=\/wp\/v2\/pages\/1520","targetHints":{"allow":["GET"]}}],"collection":[{"href":"https:\/\/giusepperestaurante.com.br\/index.php?rest_route=\/wp\/v2\/pages"}],"about":[{"href":"https:\/\/giusepperestaurante.com.br\/index.php?rest_route=\/wp\/v2\/types\/page"}],"author":[{"embeddable":true,"href":"https:\/\/giusepperestaurante.com.br\/index.php?rest_route=\/wp\/v2\/users\/2"}],"replies":[{"embeddable":true,"href":"https:\/\/giusepperestaurante.com.br\/index.php?rest_route=%2Fwp%2Fv2%2Fcomments&post=1520"}],"version-history":[{"count":67,"href":"https:\/\/giusepperestaurante.com.br\/index.php?rest_route=\/wp\/v2\/pages\/1520\/revisions"}],"predecessor-version":[{"id":1854,"href":"https:\/\/giusepperestaurante.com.br\/index.php?rest_route=\/wp\/v2\/pages\/1520\/revisions\/1854"}],"wp:attachment":[{"href":"https:\/\/giusepperestaurante.com.br\/index.php?rest_route=%2Fwp%2Fv2%2Fmedia&parent=1520"}],"curies":[{"name":"wp","href":"https:\/\/api.w.org\/{rel}","templated":true}]}}